{"id":301,"date":"2021-07-30T12:50:54","date_gmt":"2021-07-30T10:50:54","guid":{"rendered":"http:\/\/www.maxetbella.com\/?page_id=301"},"modified":"2021-07-30T12:50:54","modified_gmt":"2021-07-30T10:50:54","slug":"filets-de-canard","status":"publish","type":"page","link":"https:\/\/www.maxetbella.com\/index.php\/filets-de-canard\/","title":{"rendered":"Filets de canard"},"content":{"rendered":"<p>[et_pb_section fb_built=\u00a0\u00bb1&Prime; admin_label=\u00a0\u00bbAdvice Section\u00a0\u00bb _builder_version=\u00a0\u00bb3.22&Prime; custom_padding=\u00a0\u00bb100px|0px|100px|0px\u00a0\u00bb][et_pb_row admin_label=\u00a0\u00bbSection Header Row\u00a0\u00bb _builder_version=\u00a0\u00bb3.25&Prime;][et_pb_column type=\u00a0\u00bb4_4&Prime; _builder_version=\u00a0\u00bb3.25&Prime; custom_padding=\u00a0\u00bb|||\u00a0\u00bb custom_padding__hover=\u00a0\u00bb|||\u00a0\u00bb][et_pb_text _builder_version=\u00a0\u00bb4.9.4&Prime; text_font=\u00a0\u00bbOpen Sans|600|||||||\u00a0\u00bb text_font_size=\u00a0\u00bb16px\u00a0\u00bb text_line_height=\u00a0\u00bb1.8em\u00a0\u00bb header_font=\u00a0\u00bb||||||||\u00a0\u00bb header_2_font=\u00a0\u00bbOswald|||on|||||\u00a0\u00bb header_2_font_size=\u00a0\u00bb45px\u00a0\u00bb header_2_letter_spacing=\u00a0\u00bb3px\u00a0\u00bb header_2_line_height=\u00a0\u00bb1.4em\u00a0\u00bb text_orientation=\u00a0\u00bbcenter\u00a0\u00bb max_width=\u00a0\u00bb700px\u00a0\u00bb module_alignment=\u00a0\u00bbcenter\u00a0\u00bb]<\/p>\n<h2>Filets de canard<\/h2>\n<p>[\/et_pb_text][\/et_pb_column][\/et_pb_row][et_pb_row column_structure=\u00a0\u00bb1_2,1_2&Prime; admin_label=\u00a0\u00bbAdvice Row\u00a0\u00bb _builder_version=\u00a0\u00bb3.25&Prime; custom_padding=\u00a0\u00bb30px|0px|30px|0px\u00a0\u00bb][et_pb_column type=\u00a0\u00bb1_2&Prime; _builder_version=\u00a0\u00bb3.25&Prime; custom_padding=\u00a0\u00bb|||\u00a0\u00bb custom_padding__hover=\u00a0\u00bb|||\u00a0\u00bb][et_pb_image src=\u00a0\u00bbhttps:\/\/www.maxetbella.com\/wp-content\/uploads\/2021\/07\/Design-ohne-Titel6.png\u00a0\u00bb title_text=\u00a0\u00bbDesign ohne Titel(6)\u00a0\u00bb align_tablet=\u00a0\u00bbcenter\u00a0\u00bb align_phone=\u00a0\u00bb\u00a0\u00bb align_last_edited=\u00a0\u00bbon|desktop\u00a0\u00bb _builder_version=\u00a0\u00bb4.9.4&Prime; animation_style=\u00a0\u00bbslide\u00a0\u00bb animation_direction=\u00a0\u00bbright\u00a0\u00bb animation_intensity_slide=\u00a0\u00bb5%\u00a0\u00bb hover_enabled=\u00a0\u00bb0&Prime; sticky_enabled=\u00a0\u00bb0&Prime;][\/et_pb_image][\/et_pb_column][et_pb_column type=\u00a0\u00bb1_2&Prime; _builder_version=\u00a0\u00bb3.25&Prime; custom_padding=\u00a0\u00bb|||\u00a0\u00bb custom_padding__hover=\u00a0\u00bb|||\u00a0\u00bb][et_pb_text _builder_version=\u00a0\u00bb4.9.4&Prime; text_font=\u00a0\u00bbOpen Sans|600|||||||\u00a0\u00bb text_font_size=\u00a0\u00bb16px\u00a0\u00bb text_line_height=\u00a0\u00bb1.8em\u00a0\u00bb header_font=\u00a0\u00bb||||||||\u00a0\u00bb header_2_font=\u00a0\u00bb||||||||\u00a0\u00bb header_5_font=\u00a0\u00bbOswald|||on|||||\u00a0\u00bb header_5_font_size=\u00a0\u00bb18px\u00a0\u00bb header_5_letter_spacing=\u00a0\u00bb2px\u00a0\u00bb header_5_line_height=\u00a0\u00bb1.8em\u00a0\u00bb header_6_font=\u00a0\u00bb||||||||\u00a0\u00bb module_alignment=\u00a0\u00bbcenter\u00a0\u00bb custom_margin=\u00a0\u00bb|||\u00a0\u00bb custom_margin_tablet=\u00a0\u00bb0px|||\u00a0\u00bb custom_margin_phone=\u00a0\u00bb|||\u00a0\u00bb custom_margin_last_edited=\u00a0\u00bboff|desktop\u00a0\u00bb hover_enabled=\u00a0\u00bb0&Prime; sticky_enabled=\u00a0\u00bb0&Prime;]<\/p>\n<h5>\u00e0 Savoir :<\/h5>\n<p>Friandises croustillantes \u00e0 la viande, filet de canard de premi\u00e8re qualit\u00e9, d\u00e9coup\u00e9es en lamelles, id\u00e9ales comme r\u00e9compense et tr\u00e8s bien tol\u00e9r\u00e9es par tous les chiens! Gr\u00e2ce \u00e0 leur faible teneur en mati\u00e8re grasse et leur haute valeur prot\u00e9ique, ces friandises satisferont pleinement votre chien ou votre furet sans nuire \u00e0 sa sant\u00e9.<\/p>\n<p>&nbsp;<\/p>\n<p>[\/et_pb_text][et_pb_text _builder_version=\u00a0\u00bb4.9.4&Prime; text_font=\u00a0\u00bbOpen Sans|600|||||||\u00a0\u00bb text_font_size=\u00a0\u00bb16px\u00a0\u00bb text_line_height=\u00a0\u00bb1.8em\u00a0\u00bb header_font=\u00a0\u00bb||||||||\u00a0\u00bb header_2_font=\u00a0\u00bb||||||||\u00a0\u00bb header_5_font=\u00a0\u00bbOswald|||on|||||\u00a0\u00bb header_5_font_size=\u00a0\u00bb18px\u00a0\u00bb header_5_letter_spacing=\u00a0\u00bb2px\u00a0\u00bb header_5_line_height=\u00a0\u00bb1.8em\u00a0\u00bb header_6_font=\u00a0\u00bb||||||||\u00a0\u00bb module_alignment=\u00a0\u00bbcenter\u00a0\u00bb custom_margin=\u00a0\u00bb|||\u00a0\u00bb custom_margin_tablet=\u00a0\u00bb0px|||\u00a0\u00bb custom_margin_phone=\u00a0\u00bb|||\u00a0\u00bb custom_margin_last_edited=\u00a0\u00bboff|desktop\u00a0\u00bb hover_enabled=\u00a0\u00bb0&Prime; sticky_enabled=\u00a0\u00bb0&Prime;]<\/p>\n<h5>Composition :<\/h5>\n<h5><\/h5>\n<p>Viande de canard, amidon de ma\u00efs modifi\u00e9<\/p>\n<p>&nbsp;<\/p>\n<h5>Constituants analytiques:<\/h5>\n<ul>\n<li>Prot\u00e9ine 70 %<\/li>\n<li>Teneur en mati\u00e8res grasses 1,5 %<\/li>\n<li>Cellulose brute 4 %<\/li>\n<li>Cendres brutes 5,5 %<\/li>\n<li>Humidit\u00e9 18 %<\/li>\n<\/ul>\n<p>[\/et_pb_text][\/et_pb_column][\/et_pb_row][\/et_pb_section]<\/p>\n","protected":false},"excerpt":{"rendered":"<p>[et_pb_section fb_built=\u00a0\u00bb1&Prime; admin_label=\u00a0\u00bbAdvice Section\u00a0\u00bb _builder_version=\u00a0\u00bb3.22&Prime; custom_padding=\u00a0\u00bb100px|0px|100px|0px\u00a0\u00bb][et_pb_row admin_label=\u00a0\u00bbSection Header Row\u00a0\u00bb _builder_version=\u00a0\u00bb3.25&Prime;][et_pb_column type=\u00a0\u00bb4_4&Prime; _builder_version=\u00a0\u00bb3.25&Prime; custom_padding=\u00a0\u00bb|||\u00a0\u00bb custom_padding__hover=\u00a0\u00bb|||\u00a0\u00bb][et_pb_text _builder_version=\u00a0\u00bb4.9.4&Prime; text_font=\u00a0\u00bbOpen Sans|600|||||||\u00a0\u00bb text_font_size=\u00a0\u00bb16px\u00a0\u00bb text_line_height=\u00a0\u00bb1.8em\u00a0\u00bb header_font=\u00a0\u00bb||||||||\u00a0\u00bb header_2_font=\u00a0\u00bbOswald|||on|||||\u00a0\u00bb header_2_font_size=\u00a0\u00bb45px\u00a0\u00bb header_2_letter_spacing=\u00a0\u00bb3px\u00a0\u00bb header_2_line_height=\u00a0\u00bb1.4em\u00a0\u00bb text_orientation=\u00a0\u00bbcenter\u00a0\u00bb max_width=\u00a0\u00bb700px\u00a0\u00bb module_alignment=\u00a0\u00bbcenter\u00a0\u00bb] Filets de canard [\/et_pb_text][\/et_pb_column][\/et_pb_row][et_pb_row column_structure=\u00a0\u00bb1_2,1_2&Prime; admin_label=\u00a0\u00bbAdvice Row\u00a0\u00bb _builder_version=\u00a0\u00bb3.25&Prime; custom_padding=\u00a0\u00bb30px|0px|30px|0px\u00a0\u00bb][et_pb_column type=\u00a0\u00bb1_2&Prime; _builder_version=\u00a0\u00bb3.25&Prime; custom_padding=\u00a0\u00bb|||\u00a0\u00bb custom_padding__hover=\u00a0\u00bb|||\u00a0\u00bb][et_pb_image src=\u00a0\u00bbhttps:\/\/www.maxetbella.com\/wp-content\/uploads\/2021\/07\/Design-ohne-Titel6.png\u00a0\u00bb title_text=\u00a0\u00bbDesign ohne Titel(6)\u00a0\u00bb align_tablet=\u00a0\u00bbcenter\u00a0\u00bb align_phone=\u00a0\u00bb\u00a0\u00bb align_last_edited=\u00a0\u00bbon|desktop\u00a0\u00bb _builder_version=\u00a0\u00bb4.9.4&Prime; animation_style=\u00a0\u00bbslide\u00a0\u00bb animation_direction=\u00a0\u00bbright\u00a0\u00bb animation_intensity_slide=\u00a0\u00bb5%\u00a0\u00bb hover_enabled=\u00a0\u00bb0&Prime; sticky_enabled=\u00a0\u00bb0&Prime;][\/et_pb_image][\/et_pb_column][et_pb_column type=\u00a0\u00bb1_2&Prime; _builder_version=\u00a0\u00bb3.25&Prime; [&hellip;]<\/p>\n","protected":false},"author":1,"featured_media":0,"parent":0,"menu_order":0,"comment_status":"closed","ping_status":"closed","template":"","meta":{"_et_pb_use_builder":"on","_et_pb_old_content":"","_et_gb_content_width":""},"_links":{"self":[{"href":"https:\/\/www.maxetbella.com\/index.php\/wp-json\/wp\/v2\/pages\/301"}],"collection":[{"href":"https:\/\/www.maxetbella.com\/index.php\/wp-json\/wp\/v2\/pages"}],"about":[{"href":"https:\/\/www.maxetbella.com\/index.php\/wp-json\/wp\/v2\/types\/page"}],"author":[{"embeddable":true,"href":"https:\/\/www.maxetbella.com\/index.php\/wp-json\/wp\/v2\/users\/1"}],"replies":[{"embeddable":true,"href":"https:\/\/www.maxetbella.com\/index.php\/wp-json\/wp\/v2\/comments?post=301"}],"version-history":[{"count":2,"href":"https:\/\/www.maxetbella.com\/index.php\/wp-json\/wp\/v2\/pages\/301\/revisions"}],"predecessor-version":[{"id":304,"href":"https:\/\/www.maxetbella.com\/index.php\/wp-json\/wp\/v2\/pages\/301\/revisions\/304"}],"wp:attachment":[{"href":"https:\/\/www.maxetbella.com\/index.php\/wp-json\/wp\/v2\/media?parent=301"}],"curies":[{"name":"wp","href":"https:\/\/api.w.org\/{rel}","templated":true}]}}